{"id":380,"date":"2018-01-12T15:09:18","date_gmt":"2018-01-12T15:09:18","guid":{"rendered":"http:\/\/pack.kruger.com\/contact-us\/"},"modified":"2026-01-22T19:50:34","modified_gmt":"2026-01-22T19:50:34","slug":"nous-joindre","status":"publish","type":"page","link":"https:\/\/pack.kruger.com\/fr\/nous-joindre\/","title":{"rendered":"Nous joindre"},"content":{"rendered":"<div class=\"wpb-content-wrapper\"><p>[vc_section full_width=\u00a0\u00bbstretch_row\u00a0\u00bb el_id=\u00a0\u00bbsection-contact\u00a0\u00bb][vc_row][vc_column offset=\u00a0\u00bbvc_col-md-offset-2 vc_col-md-8&Prime; el_class=\u00a0\u00bbintro-bordered-box\u00a0\u00bb][vc_custom_heading text=\u00a0\u00bbNous joindre\u00a0\u00bb font_container=\u00a0\u00bbtag:h1|text_align:center\u00a0\u00bb use_theme_fonts=\u00a0\u00bbyes\u00a0\u00bb][\/vc_column][\/vc_row][vc_row el_class=\u00a0\u00bbcontact-pict-box\u00a0\u00bb][vc_column][vc_custom_heading text=\u00a0\u00bbBureau des ventes\u00a0\u00bb font_container=\u00a0\u00bbtag:h2|text_align:center\u00a0\u00bb use_theme_fonts=\u00a0\u00bbyes\u00a0\u00bb][vc_empty_space height=\u00a0\u00bb3rem\u00a0\u00bb][\/vc_column][\/vc_row][vc_row][vc_column width=\u00a0\u00bb1\/3&Prime;][vc_custom_heading text=\u00a0\u00bbR\u00e9gion de Montr\u00e9al\u00a0\u00bb font_container=\u00a0\u00bbtag:h3|text_align:left\u00a0\u00bb use_theme_fonts=\u00a0\u00bbyes\u00a0\u00bb]\t    \t    <div class=\"team-member text-center matchHeight no-image\" data-mh=\"team-match\">\n\t        <div class=\"row justify-content-center\">\n                                <span class=\"name-member col-12\">Dany L\u00e9gar\u00e9<\/span>\n                <p class=\"job-title-member col-12\">Directeur des ventes<\/p>\n                                                    <div class=\"contact-info\">\n                        \n                                                    <div class=\"phone-box-wrapper\">\n                                <div class=\"phone-box\">\n                                    514-366-8050 x20331                                <\/div>\n                            <\/div>\n                        \n\t                    \t\t                    <div class=\"phone-box-wrapper cell-box-wrapper\">\n\t\t\t                    <div class=\"cell-box\">\n\t\t\t\t                    514-705-5510\t\t\t                    <\/div>\n\t\t                    <\/div>\n\t                    \n                        \n                                                    <div class=\"email-box-wrapper\">\n                                <div class=\"email-box\">\n                                    <a href=\"mailto:dany.legare@kruger.com\">dany.legare@kruger.com<\/a>\n                                <\/div>\n                            <\/div>\n                        \n                                            <\/div>\n                            <\/div>\n        <\/div>\n        [\/vc_column][vc_column width=\u00a0\u00bb1\/3&Prime;][vc_custom_heading text=\u00a0\u00bbR\u00e9gion de Brampton\u00a0\u00bb font_container=\u00a0\u00bbtag:h3|text_align:left\u00a0\u00bb use_theme_fonts=\u00a0\u00bbyes\u00a0\u00bb]\t    \t    <div class=\"team-member text-center matchHeight no-image\" data-mh=\"team-match\">\n\t        <div class=\"row justify-content-center\">\n                                <span class=\"name-member col-12\">Matt Dybenko<\/span>\n                <p class=\"job-title-member col-12\">Directeur des ventes<\/p>\n                                                    <div class=\"contact-info\">\n                        \n                                                    <div class=\"phone-box-wrapper\">\n                                <div class=\"phone-box\">\n                                    416-892-1986                                <\/div>\n                            <\/div>\n                        \n\t                    \n                        \n                                                    <div class=\"email-box-wrapper\">\n                                <div class=\"email-box\">\n                                    <a href=\"mailto:matt.dybenko@kruger.com\">matt.dybenko@kruger.com<\/a>\n                                <\/div>\n                            <\/div>\n                        \n                                            <\/div>\n                            <\/div>\n        <\/div>\n        [\/vc_column][vc_column width=\u00a0\u00bb1\/3&Prime;][vc_custom_heading text=\u00a0\u00bbR\u00e9gion du Kentucky\u00a0\u00bb font_container=\u00a0\u00bbtag:h3|text_align:left\u00a0\u00bb use_theme_fonts=\u00a0\u00bbyes\u00a0\u00bb css=\u00a0\u00bb\u00a0\u00bb]\t    \t    <div class=\"team-member text-center matchHeight no-image\" data-mh=\"team-match\">\n\t        <div class=\"row justify-content-center\">\n                                <span class=\"name-member col-12\">Michael Talty<\/span>\n                <p class=\"job-title-member col-12\">Directeur des ventes<\/p>\n                                                    <div class=\"contact-info\">\n                        \n                                                    <div class=\"phone-box-wrapper\">\n                                <div class=\"phone-box\">\n                                    270-740-9333                                <\/div>\n                            <\/div>\n                        \n\t                    \n                        \n                                                    <div class=\"email-box-wrapper\">\n                                <div class=\"email-box\">\n                                    <a href=\"mailto:michael.talty@kruger.com\">michael.talty@kruger.com<\/a>\n                                <\/div>\n                            <\/div>\n                        \n                                            <\/div>\n                            <\/div>\n        <\/div>\n        [\/vc_column][\/vc_row][vc_row][vc_column][vc_custom_heading text=\u00a0\u00bbInvestisseurs\u00a0\u00bb font_container=\u00a0\u00bbtag:h2|text_align:center\u00a0\u00bb use_theme_fonts=\u00a0\u00bbyes\u00a0\u00bb el_id=\u00a0\u00bbcontact-investors\u00a0\u00bb][\/vc_column][\/vc_row][vc_row][vc_column width=\u00a0\u00bb1\/6&Prime;][\/vc_column][vc_column width=\u00a0\u00bb2\/3&Prime;][vc_column_text]Pour toute information concernant les billets de premier rang non garantis convertibles \u00e9mis par Emballages Kruger S.E.C. arrivant \u00e0 \u00e9ch\u00e9ance le 1er juin 2026, veuillez contacter\u00a0:[\/vc_column_text]\t    \t    <div class=\"team-member text-center matchHeight no-image\" data-mh=\"team-match\">\n\t        <div class=\"row justify-content-center\">\n                                <span class=\"name-member col-12\">Alexandre Patte<\/span>\n                <p class=\"job-title-member col-12\">Directeur g\u00e9n\u00e9ral, Finances, Emballages Kruger<\/p>\n                                                    <div class=\"contact-info\">\n                                                    <div class=\"adresse-box-wrapper\">\n                                <div class=\"adresse-box\">\n                                    5830 Place Turcot, Montr\u00e9al QC H4C 1W3                                <\/div>\n                            <\/div>\n                        \n                                                    <div class=\"phone-box-wrapper\">\n                                <div class=\"phone-box\">\n                                    (514) 343-3250                                <\/div>\n                            <\/div>\n                        \n\t                    \n                        \n                                                    <div class=\"email-box-wrapper\">\n                                <div class=\"email-box\">\n                                    <a href=\"mailto:alexandre.patte@kruger.com\">alexandre.patte@kruger.com<\/a>\n                                <\/div>\n                            <\/div>\n                        \n                                            <\/div>\n                            <\/div>\n        <\/div>\n        [\/vc_column][vc_column width=\u00a0\u00bb1\/6&Prime;][\/vc_column][\/vc_row][\/vc_section]<\/p>\n<\/div>","protected":false},"excerpt":{"rendered":"<p>[vc_section full_width=\u00a0\u00bbstretch_row\u00a0\u00bb el_id=\u00a0\u00bbsection-contact\u00a0\u00bb][vc_row][vc_column offset=\u00a0\u00bbvc_col-md-offset-2 vc_col-md-8&Prime; el_class=\u00a0\u00bbintro-bordered-box\u00a0\u00bb][vc_custom_heading text=\u00a0\u00bbNous joindre\u00a0\u00bb font_container=\u00a0\u00bbtag:h1|text_align:center\u00a0\u00bb use_theme_fonts=\u00a0\u00bbyes\u00a0\u00bb][\/vc_column][\/vc_row][vc_row el_class=\u00a0\u00bbcontact-pict-box\u00a0\u00bb][vc_column][vc_custom_heading text=\u00a0\u00bbBureau des ventes\u00a0\u00bb font_container=\u00a0\u00bbtag:h2|text_align:center\u00a0\u00bb use_theme_fonts=\u00a0\u00bbyes\u00a0\u00bb][vc_empty_space height=\u00a0\u00bb3rem\u00a0\u00bb][\/vc_column][\/vc_row][vc_row][vc_column width=\u00a0\u00bb1\/3&Prime;][vc_custom_heading text=\u00a0\u00bbR\u00e9gion de Montr\u00e9al\u00a0\u00bb font_container=\u00a0\u00bbtag:h3|text_align:left\u00a0\u00bb use_theme_fonts=\u00a0\u00bbyes\u00a0\u00bb][\/vc_column][vc_column width=\u00a0\u00bb1\/3&Prime;][vc_custom_heading text=\u00a0\u00bbR\u00e9gion de Brampton\u00a0\u00bb font_container=\u00a0\u00bbtag:h3|text_align:left\u00a0\u00bb use_theme_fonts=\u00a0\u00bbyes\u00a0\u00bb][\/vc_column][vc_column width=\u00a0\u00bb1\/3&Prime;][vc_custom_heading text=\u00a0\u00bbR\u00e9gion du Kentucky\u00a0\u00bb font_container=\u00a0\u00bbtag:h3|text_align:left\u00a0\u00bb use_theme_fonts=\u00a0\u00bbyes\u00a0\u00bb css=\u00a0\u00bb\u00a0\u00bb][\/vc_column][\/vc_row][vc_row][vc_column][vc_custom_heading text=\u00a0\u00bbInvestisseurs\u00a0\u00bb font_container=\u00a0\u00bbtag:h2|text_align:center\u00a0\u00bb use_theme_fonts=\u00a0\u00bbyes\u00a0\u00bb el_id=\u00a0\u00bbcontact-investors\u00a0\u00bb][\/vc_column][\/vc_row][vc_row][vc_column width=\u00a0\u00bb1\/6&Prime;][\/vc_column][vc_column width=\u00a0\u00bb2\/3&Prime;][vc_column_text]Pour toute information concernant les billets de premier rang non garantis convertibles \u00e9mis par [&hellip;]<\/p>\n","protected":false},"author":1,"featured_media":444,"parent":0,"menu_order":4,"comment_status":"closed","ping_status":"closed","template":"","meta":{"_acf_changed":false,"footnotes":""},"class_list":["post-380","page","type-page","status-publish","has-post-thumbnail","hentry"],"acf":[],"yoast_head":"<!-- This site is optimized with the Yoast SEO plugin v27.0 - https:\/\/yoast.com\/product\/yoast-seo-wordpress\/ -->\n<title>Contact - Emballages - Kruger Inc.<\/title>\n<meta name=\"description\" content=\"N&#039;h\u00e9sitez \u00e0 nous contacter pour tout besoin d&#039;informations. Toutes les informations sur nos bureaux des ventes ici.\" \/>\n<meta name=\"robots\" content=\"index, follow, max-snippet:-1, max-image-preview:large, max-video-preview:-1\" \/>\n<link rel=\"canonical\" href=\"https:\/\/pack.kruger.com\/fr\/nous-joindre\/\" \/>\n<meta property=\"og:locale\" content=\"fr_FR\" \/>\n<meta property=\"og:type\" content=\"article\" \/>\n<meta property=\"og:title\" content=\"Contact - Emballages - Kruger Inc.\" \/>\n<meta property=\"og:description\" content=\"N&#039;h\u00e9sitez \u00e0 nous contacter pour tout besoin d&#039;informations. Toutes les informations sur nos bureaux des ventes ici.\" \/>\n<meta property=\"og:url\" content=\"https:\/\/pack.kruger.com\/fr\/nous-joindre\/\" \/>\n<meta property=\"og:site_name\" content=\"Packaging\" \/>\n<meta property=\"article:modified_time\" content=\"2026-01-22T19:50:34+00:00\" \/>\n<meta property=\"og:image\" content=\"https:\/\/pack.kruger.com\/wp-content\/uploads\/sites\/7\/2018\/02\/kruger-emballage-lassale_376-1024x683.jpg\" \/>\n\t<meta property=\"og:image:width\" content=\"1024\" \/>\n\t<meta property=\"og:image:height\" content=\"683\" \/>\n\t<meta property=\"og:image:type\" content=\"image\/jpeg\" \/>\n<meta name=\"twitter:card\" content=\"summary_large_image\" \/>\n<meta name=\"twitter:label1\" content=\"Dur\u00e9e de lecture estim\u00e9e\" \/>\n\t<meta name=\"twitter:data1\" content=\"1 minute\" \/>\n<script type=\"application\/ld+json\" class=\"yoast-schema-graph\">{\"@context\":\"https:\/\/schema.org\",\"@graph\":[{\"@type\":\"WebPage\",\"@id\":\"https:\/\/pack.kruger.com\/fr\/nous-joindre\/\",\"url\":\"https:\/\/pack.kruger.com\/fr\/nous-joindre\/\",\"name\":\"Contact - Emballages - Kruger Inc.\",\"isPartOf\":{\"@id\":\"https:\/\/pack.kruger.com\/#website\"},\"primaryImageOfPage\":{\"@id\":\"https:\/\/pack.kruger.com\/fr\/nous-joindre\/#primaryimage\"},\"image\":{\"@id\":\"https:\/\/pack.kruger.com\/fr\/nous-joindre\/#primaryimage\"},\"thumbnailUrl\":\"https:\/\/pack.kruger.com\/wp-content\/uploads\/sites\/7\/2018\/02\/kruger-emballage-lassale_376.jpg\",\"datePublished\":\"2018-01-12T15:09:18+00:00\",\"dateModified\":\"2026-01-22T19:50:34+00:00\",\"description\":\"N'h\u00e9sitez \u00e0 nous contacter pour tout besoin d'informations. Toutes les informations sur nos bureaux des ventes ici.\",\"breadcrumb\":{\"@id\":\"https:\/\/pack.kruger.com\/fr\/nous-joindre\/#breadcrumb\"},\"inLanguage\":\"fr-FR\",\"potentialAction\":[{\"@type\":\"ReadAction\",\"target\":[\"https:\/\/pack.kruger.com\/fr\/nous-joindre\/\"]}]},{\"@type\":\"ImageObject\",\"inLanguage\":\"fr-FR\",\"@id\":\"https:\/\/pack.kruger.com\/fr\/nous-joindre\/#primaryimage\",\"url\":\"https:\/\/pack.kruger.com\/wp-content\/uploads\/sites\/7\/2018\/02\/kruger-emballage-lassale_376.jpg\",\"contentUrl\":\"https:\/\/pack.kruger.com\/wp-content\/uploads\/sites\/7\/2018\/02\/kruger-emballage-lassale_376.jpg\",\"width\":5700,\"height\":3800,\"caption\":\"Usine Kruger Emballage\"},{\"@type\":\"BreadcrumbList\",\"@id\":\"https:\/\/pack.kruger.com\/fr\/nous-joindre\/#breadcrumb\",\"itemListElement\":[{\"@type\":\"ListItem\",\"position\":1,\"name\":\"Home\",\"item\":\"https:\/\/pack.kruger.com\/fr\/\"},{\"@type\":\"ListItem\",\"position\":2,\"name\":\"Nous joindre\"}]},{\"@type\":\"WebSite\",\"@id\":\"https:\/\/pack.kruger.com\/#website\",\"url\":\"https:\/\/pack.kruger.com\/\",\"name\":\"Packaging\",\"description\":\"Just another Kruger Sites site\",\"potentialAction\":[{\"@type\":\"SearchAction\",\"target\":{\"@type\":\"EntryPoint\",\"urlTemplate\":\"https:\/\/pack.kruger.com\/?s={search_term_string}\"},\"query-input\":{\"@type\":\"PropertyValueSpecification\",\"valueRequired\":true,\"valueName\":\"search_term_string\"}}],\"inLanguage\":\"fr-FR\"}]}<\/script>\n<!-- \/ Yoast SEO plugin. -->","yoast_head_json":{"title":"Contact - Emballages - Kruger Inc.","description":"N'h\u00e9sitez \u00e0 nous contacter pour tout besoin d'informations. Toutes les informations sur nos bureaux des ventes ici.","robots":{"index":"index","follow":"follow","max-snippet":"max-snippet:-1","max-image-preview":"max-image-preview:large","max-video-preview":"max-video-preview:-1"},"canonical":"https:\/\/pack.kruger.com\/fr\/nous-joindre\/","og_locale":"fr_FR","og_type":"article","og_title":"Contact - Emballages - Kruger Inc.","og_description":"N'h\u00e9sitez \u00e0 nous contacter pour tout besoin d'informations. Toutes les informations sur nos bureaux des ventes ici.","og_url":"https:\/\/pack.kruger.com\/fr\/nous-joindre\/","og_site_name":"Packaging","article_modified_time":"2026-01-22T19:50:34+00:00","og_image":[{"width":1024,"height":683,"url":"https:\/\/pack.kruger.com\/wp-content\/uploads\/sites\/7\/2018\/02\/kruger-emballage-lassale_376-1024x683.jpg","type":"image\/jpeg"}],"twitter_card":"summary_large_image","twitter_misc":{"Dur\u00e9e de lecture estim\u00e9e":"1 minute"},"schema":{"@context":"https:\/\/schema.org","@graph":[{"@type":"WebPage","@id":"https:\/\/pack.kruger.com\/fr\/nous-joindre\/","url":"https:\/\/pack.kruger.com\/fr\/nous-joindre\/","name":"Contact - Emballages - Kruger Inc.","isPartOf":{"@id":"https:\/\/pack.kruger.com\/#website"},"primaryImageOfPage":{"@id":"https:\/\/pack.kruger.com\/fr\/nous-joindre\/#primaryimage"},"image":{"@id":"https:\/\/pack.kruger.com\/fr\/nous-joindre\/#primaryimage"},"thumbnailUrl":"https:\/\/pack.kruger.com\/wp-content\/uploads\/sites\/7\/2018\/02\/kruger-emballage-lassale_376.jpg","datePublished":"2018-01-12T15:09:18+00:00","dateModified":"2026-01-22T19:50:34+00:00","description":"N'h\u00e9sitez \u00e0 nous contacter pour tout besoin d'informations. Toutes les informations sur nos bureaux des ventes ici.","breadcrumb":{"@id":"https:\/\/pack.kruger.com\/fr\/nous-joindre\/#breadcrumb"},"inLanguage":"fr-FR","potentialAction":[{"@type":"ReadAction","target":["https:\/\/pack.kruger.com\/fr\/nous-joindre\/"]}]},{"@type":"ImageObject","inLanguage":"fr-FR","@id":"https:\/\/pack.kruger.com\/fr\/nous-joindre\/#primaryimage","url":"https:\/\/pack.kruger.com\/wp-content\/uploads\/sites\/7\/2018\/02\/kruger-emballage-lassale_376.jpg","contentUrl":"https:\/\/pack.kruger.com\/wp-content\/uploads\/sites\/7\/2018\/02\/kruger-emballage-lassale_376.jpg","width":5700,"height":3800,"caption":"Usine Kruger Emballage"},{"@type":"BreadcrumbList","@id":"https:\/\/pack.kruger.com\/fr\/nous-joindre\/#breadcrumb","itemListElement":[{"@type":"ListItem","position":1,"name":"Home","item":"https:\/\/pack.kruger.com\/fr\/"},{"@type":"ListItem","position":2,"name":"Nous joindre"}]},{"@type":"WebSite","@id":"https:\/\/pack.kruger.com\/#website","url":"https:\/\/pack.kruger.com\/","name":"Packaging","description":"Just another Kruger Sites site","potentialAction":[{"@type":"SearchAction","target":{"@type":"EntryPoint","urlTemplate":"https:\/\/pack.kruger.com\/?s={search_term_string}"},"query-input":{"@type":"PropertyValueSpecification","valueRequired":true,"valueName":"search_term_string"}}],"inLanguage":"fr-FR"}]}},"_links":{"self":[{"href":"https:\/\/pack.kruger.com\/fr\/wp-json\/wp\/v2\/pages\/380","targetHints":{"allow":["GET"]}}],"collection":[{"href":"https:\/\/pack.kruger.com\/fr\/wp-json\/wp\/v2\/pages"}],"about":[{"href":"https:\/\/pack.kruger.com\/fr\/wp-json\/wp\/v2\/types\/page"}],"author":[{"embeddable":true,"href":"https:\/\/pack.kruger.com\/fr\/wp-json\/wp\/v2\/users\/1"}],"replies":[{"embeddable":true,"href":"https:\/\/pack.kruger.com\/fr\/wp-json\/wp\/v2\/comments?post=380"}],"version-history":[{"count":9,"href":"https:\/\/pack.kruger.com\/fr\/wp-json\/wp\/v2\/pages\/380\/revisions"}],"predecessor-version":[{"id":629,"href":"https:\/\/pack.kruger.com\/fr\/wp-json\/wp\/v2\/pages\/380\/revisions\/629"}],"wp:featuredmedia":[{"embeddable":true,"href":"https:\/\/pack.kruger.com\/fr\/wp-json\/wp\/v2\/media\/444"}],"wp:attachment":[{"href":"https:\/\/pack.kruger.com\/fr\/wp-json\/wp\/v2\/media?parent=380"}],"curies":[{"name":"wp","href":"https:\/\/api.w.org\/{rel}","templated":true}]}}