{"id":386,"date":"2018-01-12T15:09:43","date_gmt":"2018-01-12T15:09:43","guid":{"rendered":"http:\/\/pack.kruger.com\/products\/"},"modified":"2018-06-26T14:25:47","modified_gmt":"2018-06-26T14:25:47","slug":"produits","status":"publish","type":"page","link":"https:\/\/pack.kruger.com\/fr\/produits\/","title":{"rendered":"Produits"},"content":{"rendered":"<div class=\"wpb-content-wrapper\"><p>[vc_section full_width=\u00a0\u00bbstretch_row\u00a0\u00bb][vc_row][vc_column offset=\u00a0\u00bbvc_col-md-offset-2 vc_col-md-8&Prime; el_class=\u00a0\u00bbintro-bordered-box\u00a0\u00bb][vc_custom_heading text=\u00a0\u00bbProduits de ce secteur<br \/>\n\u00a0\u00bb font_container=\u00a0\u00bbtag:h1|text_align:center\u00a0\u00bb use_theme_fonts=\u00a0\u00bbyes\u00a0\u00bb][vc_separator color=\u00a0\u00bbcustom\u00a0\u00bb border_width=\u00a0\u00bb2&Prime; accent_color=\u00a0\u00bb#16c48c\u00a0\u00bb][vc_custom_heading text=\u00a0\u00bbForts de nombreuses ann\u00e9es d\u2019exp\u00e9rience et d\u2019un grand d\u00e9vouement envers l\u2019excellence, nous travaillons \u00e9troitement avec nos clients pour concevoir des solutions d\u2019emballage sur mesure, rentables et \u00e9coresponsables. Communiquez avec notre \u00e9quipe du service \u00e0 la client\u00e8le d\u00e8s aujourd\u2019hui pour d\u00e9couvrir comment nous pouvons vous aider \u00e0 optimiser votre cha\u00eene d\u2019approvisionnement. \u00a0\u00bb font_container=\u00a0\u00bbtag:p|text_align:center\u00a0\u00bb use_theme_fonts=\u00a0\u00bbyes\u00a0\u00bb el_class=\u00a0\u00bbborderLeadText\u00a0\u00bb][vc_separator color=\u00a0\u00bbcustom\u00a0\u00bb border_width=\u00a0\u00bb2&Prime; accent_color=\u00a0\u00bb#16c48c\u00a0\u00bb][\/vc_column][\/vc_row][vc_row][vc_column][vc_row_inner][vc_column_inner]        <div class=\"products \">\n                        <div class=\"products-container\" data-number-posts=\"9\">\n                                <div class=\"products-list row\">\n                                                <div class=\"product col-md-6 col-lg-4\">\n                                <div class=\"product-content matchHeight\" data-mh=\"products-match\">\n                                                                                                                <img decoding=\"async\" class=\"img-fluid\" src=\"https:\/\/pack.kruger.com\/wp-content\/uploads\/sites\/7\/2018\/01\/2_3_packaging_products_regular-slotted-container-700x470.jpg\"\/>\n                                        \n                                    <div class=\"product-info\">\n                                        <h3 class=\"col-12\">Bo\u00eetes r\u00e9guli\u00e8res<\/h3>\n                                                                                                                    <\/div>\n                                <\/div>\n                            <\/div>\n                                                    <div class=\"product col-md-6 col-lg-4\">\n                                <div class=\"product-content matchHeight\" data-mh=\"products-match\">\n                                                                                                                <img decoding=\"async\" class=\"img-fluid\" src=\"https:\/\/pack.kruger.com\/wp-content\/uploads\/sites\/7\/2018\/01\/2_3_packaging_products_die-cut-700x470.jpg\"\/>\n                                        \n                                    <div class=\"product-info\">\n                                        <h3 class=\"col-12\">Bo\u00eetes d\u00e9coup\u00e9es<\/h3>\n                                                                                                                    <\/div>\n                                <\/div>\n                            <\/div>\n                                                    <div class=\"product col-md-6 col-lg-4\">\n                                <div class=\"product-content matchHeight\" data-mh=\"products-match\">\n                                                                                                                <img decoding=\"async\" class=\"img-fluid\" src=\"https:\/\/pack.kruger.com\/wp-content\/uploads\/sites\/7\/2018\/01\/2_3_packaging_products_litho-700x470.jpg\"\/>\n                                        \n                                    <div class=\"product-info\">\n                                        <h3 class=\"col-12\">Bo\u00eetes Litho\/pr\u00e9imprim\u00e9es<\/h3>\n                                                                                                                    <\/div>\n                                <\/div>\n                            <\/div>\n                                                    <div class=\"product col-md-6 col-lg-4\">\n                                <div class=\"product-content matchHeight\" data-mh=\"products-match\">\n                                                                                                                <img decoding=\"async\" class=\"img-fluid\" src=\"https:\/\/pack.kruger.com\/wp-content\/uploads\/sites\/7\/2018\/01\/2_3_packaging_products_boxe-divider-700x470.jpg\"\/>\n                                        \n                                    <div class=\"product-info\">\n                                        <h3 class=\"col-12\">S\u00e9parateurs de bo\u00eetes<\/h3>\n                                                                                                                    <\/div>\n                                <\/div>\n                            <\/div>\n                                                    <div class=\"product col-md-6 col-lg-4\">\n                                <div class=\"product-content matchHeight\" data-mh=\"products-match\">\n                                                                                                                <img decoding=\"async\" class=\"img-fluid\" src=\"https:\/\/pack.kruger.com\/wp-content\/uploads\/sites\/7\/2018\/01\/2_3_packaging_products_fivepanel-wrapper-700x470.jpg\"\/>\n                                        \n                                    <div class=\"product-info\">\n                                        <h3 class=\"col-12\">Emballages \u00e0 cinq panneaux<\/h3>\n                                                                                                                    <\/div>\n                                <\/div>\n                            <\/div>\n                                                    <div class=\"product col-md-6 col-lg-4\">\n                                <div class=\"product-content matchHeight\" data-mh=\"products-match\">\n                                                                                                                <img decoding=\"async\" class=\"img-fluid\" src=\"https:\/\/pack.kruger.com\/wp-content\/uploads\/sites\/7\/2018\/01\/kruger-boites-die-cut_174-r-700x470.jpg\"\/>\n                                        \n                                    <div class=\"product-info\">\n                                        <h3 class=\"col-12\">Bo\u00eetes \u00e0 pizza<\/h3>\n                                                                                                                    <\/div>\n                                <\/div>\n                            <\/div>\n                                        <\/div>\n                            <\/div>\n        <\/div>\n        [\/vc_column_inner][\/vc_row_inner][\/vc_column][\/vc_row][\/vc_section]<\/p>\n<\/div>","protected":false},"excerpt":{"rendered":"<p>[vc_section full_width=\u00a0\u00bbstretch_row\u00a0\u00bb][vc_row][vc_column offset=\u00a0\u00bbvc_col-md-offset-2 vc_col-md-8&Prime; el_class=\u00a0\u00bbintro-bordered-box\u00a0\u00bb][vc_custom_heading text=\u00a0\u00bbProduits de ce secteur \u00a0\u00bb font_container=\u00a0\u00bbtag:h1|text_align:center\u00a0\u00bb use_theme_fonts=\u00a0\u00bbyes\u00a0\u00bb][vc_separator color=\u00a0\u00bbcustom\u00a0\u00bb border_width=\u00a0\u00bb2&Prime; accent_color=\u00a0\u00bb#16c48c\u00a0\u00bb][vc_custom_heading text=\u00a0\u00bbForts de nombreuses ann\u00e9es d\u2019exp\u00e9rience et d\u2019un grand d\u00e9vouement envers l\u2019excellence, nous travaillons \u00e9troitement avec nos clients pour concevoir des solutions d\u2019emballage sur mesure, rentables et \u00e9coresponsables. Communiquez avec notre \u00e9quipe du service \u00e0 la client\u00e8le d\u00e8s aujourd\u2019hui pour d\u00e9couvrir [&hellip;]<\/p>\n","protected":false},"author":1,"featured_media":132,"parent":0,"menu_order":15,"comment_status":"closed","ping_status":"closed","template":"","meta":{"_acf_changed":false,"footnotes":""},"class_list":["post-386","page","type-page","status-publish","has-post-thumbnail","hentry"],"acf":[],"yoast_head":"<!-- This site is optimized with the Yoast SEO plugin v27.0 - https:\/\/yoast.com\/product\/yoast-seo-wordpress\/ -->\n<title>Produits - Emballages - Kruger Inc.<\/title>\n<meta name=\"description\" content=\"Communiquez avec notre service \u00e0 la client\u00e8le d\u00e8s aujourd\u2019hui pour d\u00e9couvrir comment nous pouvons vous aider \u00e0 optimiser votre cha\u00eene d\u2019approvisionnement.\" \/>\n<meta name=\"robots\" content=\"index, follow, max-snippet:-1, max-image-preview:large, max-video-preview:-1\" \/>\n<link rel=\"canonical\" href=\"https:\/\/pack.kruger.com\/fr\/produits\/\" \/>\n<meta property=\"og:locale\" content=\"fr_FR\" \/>\n<meta property=\"og:type\" content=\"article\" \/>\n<meta property=\"og:title\" content=\"Produits - Emballages - Kruger Inc.\" \/>\n<meta property=\"og:description\" content=\"Communiquez avec notre service \u00e0 la client\u00e8le d\u00e8s aujourd\u2019hui pour d\u00e9couvrir comment nous pouvons vous aider \u00e0 optimiser votre cha\u00eene d\u2019approvisionnement.\" \/>\n<meta property=\"og:url\" content=\"https:\/\/pack.kruger.com\/fr\/produits\/\" \/>\n<meta property=\"og:site_name\" content=\"Packaging\" \/>\n<meta property=\"article:modified_time\" content=\"2018-06-26T14:25:47+00:00\" \/>\n<meta property=\"og:image\" content=\"https:\/\/pack.kruger.com\/wp-content\/uploads\/sites\/7\/2018\/01\/2_packaging_headers_idea1.jpg\" \/>\n\t<meta property=\"og:image:width\" content=\"2304\" \/>\n\t<meta property=\"og:image:height\" content=\"1533\" \/>\n\t<meta property=\"og:image:type\" content=\"image\/jpeg\" \/>\n<meta name=\"twitter:card\" content=\"summary_large_image\" \/>\n<meta name=\"twitter:label1\" content=\"Dur\u00e9e de lecture estim\u00e9e\" \/>\n\t<meta name=\"twitter:data1\" content=\"1 minute\" \/>\n<script type=\"application\/ld+json\" class=\"yoast-schema-graph\">{\"@context\":\"https:\/\/schema.org\",\"@graph\":[{\"@type\":\"WebPage\",\"@id\":\"https:\/\/pack.kruger.com\/fr\/produits\/\",\"url\":\"https:\/\/pack.kruger.com\/fr\/produits\/\",\"name\":\"Produits - Emballages - Kruger Inc.\",\"isPartOf\":{\"@id\":\"https:\/\/pack.kruger.com\/#website\"},\"primaryImageOfPage\":{\"@id\":\"https:\/\/pack.kruger.com\/fr\/produits\/#primaryimage\"},\"image\":{\"@id\":\"https:\/\/pack.kruger.com\/fr\/produits\/#primaryimage\"},\"thumbnailUrl\":\"https:\/\/pack.kruger.com\/wp-content\/uploads\/sites\/7\/2018\/01\/2_packaging_headers_idea1.jpg\",\"datePublished\":\"2018-01-12T15:09:43+00:00\",\"dateModified\":\"2018-06-26T14:25:47+00:00\",\"description\":\"Communiquez avec notre service \u00e0 la client\u00e8le d\u00e8s aujourd\u2019hui pour d\u00e9couvrir comment nous pouvons vous aider \u00e0 optimiser votre cha\u00eene d\u2019approvisionnement.\",\"breadcrumb\":{\"@id\":\"https:\/\/pack.kruger.com\/fr\/produits\/#breadcrumb\"},\"inLanguage\":\"fr-FR\",\"potentialAction\":[{\"@type\":\"ReadAction\",\"target\":[\"https:\/\/pack.kruger.com\/fr\/produits\/\"]}]},{\"@type\":\"ImageObject\",\"inLanguage\":\"fr-FR\",\"@id\":\"https:\/\/pack.kruger.com\/fr\/produits\/#primaryimage\",\"url\":\"https:\/\/pack.kruger.com\/wp-content\/uploads\/sites\/7\/2018\/01\/2_packaging_headers_idea1.jpg\",\"contentUrl\":\"https:\/\/pack.kruger.com\/wp-content\/uploads\/sites\/7\/2018\/01\/2_packaging_headers_idea1.jpg\",\"width\":2304,\"height\":1533},{\"@type\":\"BreadcrumbList\",\"@id\":\"https:\/\/pack.kruger.com\/fr\/produits\/#breadcrumb\",\"itemListElement\":[{\"@type\":\"ListItem\",\"position\":1,\"name\":\"Home\",\"item\":\"https:\/\/pack.kruger.com\/fr\/\"},{\"@type\":\"ListItem\",\"position\":2,\"name\":\"Produits\"}]},{\"@type\":\"WebSite\",\"@id\":\"https:\/\/pack.kruger.com\/#website\",\"url\":\"https:\/\/pack.kruger.com\/\",\"name\":\"Packaging\",\"description\":\"Just another Kruger Sites site\",\"potentialAction\":[{\"@type\":\"SearchAction\",\"target\":{\"@type\":\"EntryPoint\",\"urlTemplate\":\"https:\/\/pack.kruger.com\/?s={search_term_string}\"},\"query-input\":{\"@type\":\"PropertyValueSpecification\",\"valueRequired\":true,\"valueName\":\"search_term_string\"}}],\"inLanguage\":\"fr-FR\"}]}<\/script>\n<!-- \/ Yoast SEO plugin. -->","yoast_head_json":{"title":"Produits - Emballages - Kruger Inc.","description":"Communiquez avec notre service \u00e0 la client\u00e8le d\u00e8s aujourd\u2019hui pour d\u00e9couvrir comment nous pouvons vous aider \u00e0 optimiser votre cha\u00eene d\u2019approvisionnement.","robots":{"index":"index","follow":"follow","max-snippet":"max-snippet:-1","max-image-preview":"max-image-preview:large","max-video-preview":"max-video-preview:-1"},"canonical":"https:\/\/pack.kruger.com\/fr\/produits\/","og_locale":"fr_FR","og_type":"article","og_title":"Produits - Emballages - Kruger Inc.","og_description":"Communiquez avec notre service \u00e0 la client\u00e8le d\u00e8s aujourd\u2019hui pour d\u00e9couvrir comment nous pouvons vous aider \u00e0 optimiser votre cha\u00eene d\u2019approvisionnement.","og_url":"https:\/\/pack.kruger.com\/fr\/produits\/","og_site_name":"Packaging","article_modified_time":"2018-06-26T14:25:47+00:00","og_image":[{"width":2304,"height":1533,"url":"https:\/\/pack.kruger.com\/wp-content\/uploads\/sites\/7\/2018\/01\/2_packaging_headers_idea1.jpg","type":"image\/jpeg"}],"twitter_card":"summary_large_image","twitter_misc":{"Dur\u00e9e de lecture estim\u00e9e":"1 minute"},"schema":{"@context":"https:\/\/schema.org","@graph":[{"@type":"WebPage","@id":"https:\/\/pack.kruger.com\/fr\/produits\/","url":"https:\/\/pack.kruger.com\/fr\/produits\/","name":"Produits - Emballages - Kruger Inc.","isPartOf":{"@id":"https:\/\/pack.kruger.com\/#website"},"primaryImageOfPage":{"@id":"https:\/\/pack.kruger.com\/fr\/produits\/#primaryimage"},"image":{"@id":"https:\/\/pack.kruger.com\/fr\/produits\/#primaryimage"},"thumbnailUrl":"https:\/\/pack.kruger.com\/wp-content\/uploads\/sites\/7\/2018\/01\/2_packaging_headers_idea1.jpg","datePublished":"2018-01-12T15:09:43+00:00","dateModified":"2018-06-26T14:25:47+00:00","description":"Communiquez avec notre service \u00e0 la client\u00e8le d\u00e8s aujourd\u2019hui pour d\u00e9couvrir comment nous pouvons vous aider \u00e0 optimiser votre cha\u00eene d\u2019approvisionnement.","breadcrumb":{"@id":"https:\/\/pack.kruger.com\/fr\/produits\/#breadcrumb"},"inLanguage":"fr-FR","potentialAction":[{"@type":"ReadAction","target":["https:\/\/pack.kruger.com\/fr\/produits\/"]}]},{"@type":"ImageObject","inLanguage":"fr-FR","@id":"https:\/\/pack.kruger.com\/fr\/produits\/#primaryimage","url":"https:\/\/pack.kruger.com\/wp-content\/uploads\/sites\/7\/2018\/01\/2_packaging_headers_idea1.jpg","contentUrl":"https:\/\/pack.kruger.com\/wp-content\/uploads\/sites\/7\/2018\/01\/2_packaging_headers_idea1.jpg","width":2304,"height":1533},{"@type":"BreadcrumbList","@id":"https:\/\/pack.kruger.com\/fr\/produits\/#breadcrumb","itemListElement":[{"@type":"ListItem","position":1,"name":"Home","item":"https:\/\/pack.kruger.com\/fr\/"},{"@type":"ListItem","position":2,"name":"Produits"}]},{"@type":"WebSite","@id":"https:\/\/pack.kruger.com\/#website","url":"https:\/\/pack.kruger.com\/","name":"Packaging","description":"Just another Kruger Sites site","potentialAction":[{"@type":"SearchAction","target":{"@type":"EntryPoint","urlTemplate":"https:\/\/pack.kruger.com\/?s={search_term_string}"},"query-input":{"@type":"PropertyValueSpecification","valueRequired":true,"valueName":"search_term_string"}}],"inLanguage":"fr-FR"}]}},"_links":{"self":[{"href":"https:\/\/pack.kruger.com\/fr\/wp-json\/wp\/v2\/pages\/386","targetHints":{"allow":["GET"]}}],"collection":[{"href":"https:\/\/pack.kruger.com\/fr\/wp-json\/wp\/v2\/pages"}],"about":[{"href":"https:\/\/pack.kruger.com\/fr\/wp-json\/wp\/v2\/types\/page"}],"author":[{"embeddable":true,"href":"https:\/\/pack.kruger.com\/fr\/wp-json\/wp\/v2\/users\/1"}],"replies":[{"embeddable":true,"href":"https:\/\/pack.kruger.com\/fr\/wp-json\/wp\/v2\/comments?post=386"}],"version-history":[{"count":5,"href":"https:\/\/pack.kruger.com\/fr\/wp-json\/wp\/v2\/pages\/386\/revisions"}],"predecessor-version":[{"id":454,"href":"https:\/\/pack.kruger.com\/fr\/wp-json\/wp\/v2\/pages\/386\/revisions\/454"}],"wp:featuredmedia":[{"embeddable":true,"href":"https:\/\/pack.kruger.com\/fr\/wp-json\/wp\/v2\/media\/132"}],"wp:attachment":[{"href":"https:\/\/pack.kruger.com\/fr\/wp-json\/wp\/v2\/media?parent=386"}],"curies":[{"name":"wp","href":"https:\/\/api.w.org\/{rel}","templated":true}]}}